{"id":67,"date":"2025-04-29T22:36:01","date_gmt":"2025-04-29T22:36:01","guid":{"rendered":"https:\/\/falcaolucas.com\/sites\/montinhos\/?page_id=67"},"modified":"2025-09-22T17:41:27","modified_gmt":"2025-09-22T16:41:27","slug":"perto-de-nos","status":"publish","type":"page","link":"https:\/\/montinhos.pt\/en\/perto-de-nos\/","title":{"rendered":"near us"},"content":{"rendered":"<div data-elementor-type=\"wp-page\" data-elementor-id=\"67\" class=\"elementor elementor-67\" data-elementor-post-type=\"page\">\n\t\t\t\t<div class=\"elementor-element elementor-element-0a1ad76 e-con-full e-flex e-con e-parent\" data-id=\"0a1ad76\" data-element_type=\"container\" data-settings=\"{&quot;background_background&quot;:&quot;classic&quot;}\">\n\t\t\t\t<\/div>\n\t\t<div class=\"elementor-element elementor-element-8b1487b e-flex e-con-boxed e-con e-parent\" data-id=\"8b1487b\" data-element_type=\"container\">\n\t\t\t\t\t<div class=\"e-con-inner\">\n\t\t<div class=\"elementor-element elementor-element-5d524ff e-con-full e-flex e-con e-child\" data-id=\"5d524ff\" data-element_type=\"container\">\n\t\t<div class=\"elementor-element elementor-element-ffac9e5 e-con-full e-flex e-con e-child\" data-id=\"ffac9e5\" data-element_type=\"container\">\n\t\t\t\t<div class=\"elementor-element elementor-element-93f026f elementor-widget elementor-widget-heading\" data-id=\"93f026f\" data-element_type=\"widget\" data-widget_type=\"heading.default\">\n\t\t\t\t<div class=\"elementor-widget-container\">\n\t\t\t\t\t<h1 class=\"elementor-heading-title elementor-size-default\">Perto<\/h1>\t\t\t\t<\/div>\n\t\t\t\t<\/div>\n\t\t\t\t<div class=\"elementor-element elementor-element-fc7534c elementor-widget elementor-widget-spacer\" data-id=\"fc7534c\" data-element_type=\"widget\" data-widget_type=\"spacer.default\">\n\t\t\t\t<div class=\"elementor-widget-container\">\n\t\t\t\t\t\t\t<div class=\"elementor-spacer\">\n\t\t\t<div class=\"elementor-spacer-inner\"><\/div>\n\t\t<\/div>\n\t\t\t\t\t\t<\/div>\n\t\t\t\t<\/div>\n\t\t\t\t<div class=\"elementor-element elementor-element-190cfd1 elementor-align-left elementor-widget elementor-widget-button\" data-id=\"190cfd1\" data-element_type=\"widget\" data-widget_type=\"button.default\">\n\t\t\t\t<div class=\"elementor-widget-container\">\n\t\t\t\t\t\t\t\t\t<div class=\"elementor-button-wrapper\">\n\t\t\t\t\t<a class=\"elementor-button elementor-button-link elementor-size-sm\" href=\"https:\/\/www.google.com\/maps\/place\/Castelo+de+Alc\u00e1cer+do+Sal\/@38.37242,-8.5159161,16z\/data=!3m1!4b1!4m6!3m5!1s0xd197fbbea60b84b:0x7f30a7596dda7b!8m2!3d38.3724158!4d-8.5133465!16s%2Fm%2F0h62w3f?entry=ttu&#038;g_ep=EgoyMDI1MDcxNi4wIKXMDSoASAFQAw%3D%3D\" target=\"_blank\" rel=\"noopener\">\n\t\t\t\t\t\t<span class=\"elementor-button-content-wrapper\">\n\t\t\t\t\t\t\t\t\t<span class=\"elementor-button-text\">Castelo de Alc\u00e1cer do Sal<\/span>\n\t\t\t\t\t<\/span>\n\t\t\t\t\t<\/a>\n\t\t\t\t<\/div>\n\t\t\t\t\t\t\t\t<\/div>\n\t\t\t\t<\/div>\n\t\t\t\t<div class=\"elementor-element elementor-element-471fe30 elementor-align-left elementor-widget elementor-widget-button\" data-id=\"471fe30\" data-element_type=\"widget\" data-widget_type=\"button.default\">\n\t\t\t\t<div class=\"elementor-widget-container\">\n\t\t\t\t\t\t\t\t\t<div class=\"elementor-button-wrapper\">\n\t\t\t\t\t<a class=\"elementor-button elementor-button-link elementor-size-sm\" href=\"https:\/\/www.google.com\/maps\/place\/Museu+Pedro+Nunes\/@38.3709914,-8.5155787,800m\/data=!3m1!1e3!4m6!3m5!1s0xd197f47f5a89fe5:0x8e5ca9b43e311835!8m2!3d38.3709872!4d-8.5130038!16s%2Fg%2F11fltv4yq8?entry=ttu&#038;g_ep=EgoyMDI1MDgxMy4wIKXMDSoASAFQAw%3D%3D\" target=\"_blank\" rel=\"noopener\">\n\t\t\t\t\t\t<span class=\"elementor-button-content-wrapper\">\n\t\t\t\t\t\t\t\t\t<span class=\"elementor-button-text\">Museu Pedro Nunes<\/span>\n\t\t\t\t\t<\/span>\n\t\t\t\t\t<\/a>\n\t\t\t\t<\/div>\n\t\t\t\t\t\t\t\t<\/div>\n\t\t\t\t<\/div>\n\t\t\t\t<div class=\"elementor-element elementor-element-ce40693 elementor-mobile-align-left elementor-widget elementor-widget-button\" data-id=\"ce40693\" data-element_type=\"widget\" data-widget_type=\"button.default\">\n\t\t\t\t<div class=\"elementor-widget-container\">\n\t\t\t\t\t\t\t\t\t<div class=\"elementor-button-wrapper\">\n\t\t\t\t\t<a class=\"elementor-button elementor-button-link elementor-size-sm\" href=\"https:\/\/www.google.com\/maps\/place\/Santu\u00e1rio+do+Senhor+dos+M\u00e1rtires\/@38.3728856,-8.5260992,15z\/data=!4m6!3m5!1s0xd197fb1b13a3e03:0x4ba1a7dc20cb61ff!8m2!3d38.372894!4d-8.5203799!16s%2Fg%2F11c1p6x1b9?entry=ttu&#038;g_ep=EgoyMDI1MDcxNi4wIKXMDSoASAFQAw%3D%3D\" target=\"_blank\" rel=\"noopener\">\n\t\t\t\t\t\t<span class=\"elementor-button-content-wrapper\">\n\t\t\t\t\t\t\t\t\t<span class=\"elementor-button-text\">Santu\u00e1rio do Senhor dos M\u00e1rtires<\/span>\n\t\t\t\t\t<\/span>\n\t\t\t\t\t<\/a>\n\t\t\t\t<\/div>\n\t\t\t\t\t\t\t\t<\/div>\n\t\t\t\t<\/div>\n\t\t\t\t<div class=\"elementor-element elementor-element-e4c0f38 elementor-align-left elementor-widget elementor-widget-button\" data-id=\"e4c0f38\" data-element_type=\"widget\" data-widget_type=\"button.default\">\n\t\t\t\t<div class=\"elementor-widget-container\">\n\t\t\t\t\t\t\t\t\t<div class=\"elementor-button-wrapper\">\n\t\t\t\t\t<a class=\"elementor-button elementor-button-link elementor-size-sm\" href=\"https:\/\/www.google.com\/maps\/place\/Albufeira+da+Barragem+do+Pego+do+Altar\/@38.4372125,-8.4224415,24730m\/data=!3m2!1e3!4b1!4m6!3m5!1s0xd1986770aee5409:0x491a63d60ac89b4a!8m2!3d38.4401803!4d-8.3718319!16s%2Fg%2F119ts2hzn?entry=ttu&#038;g_ep=EgoyMDI1MDgxMy4wIKXMDSoASAFQAw%3D%3D\" target=\"_blank\" rel=\"noopener\">\n\t\t\t\t\t\t<span class=\"elementor-button-content-wrapper\">\n\t\t\t\t\t\t\t\t\t<span class=\"elementor-button-text\">Albufeira da Barragem do Pego do Altar<\/span>\n\t\t\t\t\t<\/span>\n\t\t\t\t\t<\/a>\n\t\t\t\t<\/div>\n\t\t\t\t\t\t\t\t<\/div>\n\t\t\t\t<\/div>\n\t\t\t\t<div class=\"elementor-element elementor-element-ec57910 elementor-align-left elementor-widget elementor-widget-button\" data-id=\"ec57910\" data-element_type=\"widget\" data-widget_type=\"button.default\">\n\t\t\t\t<div class=\"elementor-widget-container\">\n\t\t\t\t\t\t\t\t\t<div class=\"elementor-button-wrapper\">\n\t\t\t\t\t<a class=\"elementor-button elementor-button-link elementor-size-sm\" href=\"https:\/\/www.google.com\/maps\/place\/Pa\u00e7o+dos+Henriques\/@38.3952352,-8.1573781,773m\/data=!3m2!1e3!4b1!4m6!3m5!1s0xd198ac1f65ef453:0xd1cd7bee4edf91f5!8m2!3d38.395231!4d-8.1548085!16s%2Fg%2F121srg2y?entry=ttu&#038;g_ep=EgoyMDI1MDgxMy4wIKXMDSoASAFQAw%3D%3D\" target=\"_blank\" rel=\"noopener\">\n\t\t\t\t\t\t<span class=\"elementor-button-content-wrapper\">\n\t\t\t\t\t\t\t\t\t<span class=\"elementor-button-text\">Pa\u00e7o dos Henriques<\/span>\n\t\t\t\t\t<\/span>\n\t\t\t\t\t<\/a>\n\t\t\t\t<\/div>\n\t\t\t\t\t\t\t\t<\/div>\n\t\t\t\t<\/div>\n\t\t\t\t<div class=\"elementor-element elementor-element-f4d70fe elementor-align-left elementor-widget elementor-widget-button\" data-id=\"f4d70fe\" data-element_type=\"widget\" data-widget_type=\"button.default\">\n\t\t\t\t<div class=\"elementor-widget-container\">\n\t\t\t\t\t\t\t\t\t<div class=\"elementor-button-wrapper\">\n\t\t\t\t\t<a class=\"elementor-button elementor-button-link elementor-size-sm\" href=\"https:\/\/www.google.com\/maps\/place\/Ru\u00ednas+Romanas+de+Tr\u00f3ia\/@38.4861039,-8.8875374,17z\/data=!3m1!4b1!4m6!3m5!1s0xd19432b9b8a93df:0x4ff02ddc650ab5c8!8m2!3d38.4860997!4d-8.8849678!16s%2Fg%2F11dyh_rsy?entry=ttu&#038;g_ep=EgoyMDI1MDcxNi4wIKXMDSoASAFQAw%3D%3D\" target=\"_blank\" rel=\"noopener\">\n\t\t\t\t\t\t<span class=\"elementor-button-content-wrapper\">\n\t\t\t\t\t\t\t\t\t<span class=\"elementor-button-text\">Ru\u00ednas Romanas de Tr\u00f3ia<\/span>\n\t\t\t\t\t<\/span>\n\t\t\t\t\t<\/a>\n\t\t\t\t<\/div>\n\t\t\t\t\t\t\t\t<\/div>\n\t\t\t\t<\/div>\n\t\t\t\t<div class=\"elementor-element elementor-element-e50794c elementor-align-left elementor-widget elementor-widget-button\" data-id=\"e50794c\" data-element_type=\"widget\" data-widget_type=\"button.default\">\n\t\t\t\t<div class=\"elementor-widget-container\">\n\t\t\t\t\t\t\t\t\t<div class=\"elementor-button-wrapper\">\n\t\t\t\t\t<a class=\"elementor-button elementor-button-link elementor-size-sm\" href=\"https:\/\/www.google.com\/maps\/place\/Cais+Palafit\u00edco+da+Carrasqueira\/@38.4095595,-8.7962515,13.31z\/data=!4m15!1m8!3m7!1s0xd196137f62ebff7:0x2d29348c32f090bf!2sCarrasqueira,+Comporta!3b1!8m2!3d38.3978519!4d-8.7710345!16s%2Fg%2F119tbgd7f!3m5!1s0xd1961a449ff7877:0xabafeab1e24777e!8m2!3d38.4126824!4d-8.7572904!16s%2Fg%2F11vc04b154?entry=ttu&#038;g_ep=EgoyMDI1MDcxNi4wIKXMDSoASAFQAw%3D%3D\" target=\"_blank\" rel=\"noopener\">\n\t\t\t\t\t\t<span class=\"elementor-button-content-wrapper\">\n\t\t\t\t\t\t\t\t\t<span class=\"elementor-button-text\">Cais Palafit\u00edco da Carrasqueira<\/span>\n\t\t\t\t\t<\/span>\n\t\t\t\t\t<\/a>\n\t\t\t\t<\/div>\n\t\t\t\t\t\t\t\t<\/div>\n\t\t\t\t<\/div>\n\t\t\t\t<div class=\"elementor-element elementor-element-e6a4f9c elementor-align-left elementor-widget elementor-widget-button\" data-id=\"e6a4f9c\" data-element_type=\"widget\" data-widget_type=\"button.default\">\n\t\t\t\t<div class=\"elementor-widget-container\">\n\t\t\t\t\t\t\t\t\t<div class=\"elementor-button-wrapper\">\n\t\t\t\t\t<a class=\"elementor-button elementor-button-link elementor-size-sm\" href=\"https:\/\/www.google.com\/maps\/place\/Social.+Vinhos+%26+Petiscos+Alc\u00e1cer+do+Sal\/@38.3710261,-8.5093299,17z\/data=!3m1!4b1!4m6!3m5!1s0xd197fc2bc9e02e5:0xe2e125ed297241f1!8m2!3d38.3710219!4d-8.5067603!16s%2Fg%2F11y3mfr29f?entry=ttu&#038;g_ep=EgoyMDI1MDcxNi4wIKXMDSoASAFQAw%3D%3D\" target=\"_blank\" rel=\"noopener\">\n\t\t\t\t\t\t<span class=\"elementor-button-content-wrapper\">\n\t\t\t\t\t\t\t\t\t<span class=\"elementor-button-text\">Social. Vinhos &amp; Petiscos Alc\u00e1cer do Sal<\/span>\n\t\t\t\t\t<\/span>\n\t\t\t\t\t<\/a>\n\t\t\t\t<\/div>\n\t\t\t\t\t\t\t\t<\/div>\n\t\t\t\t<\/div>\n\t\t\t\t<div class=\"elementor-element elementor-element-71f7d50 elementor-align-left elementor-widget elementor-widget-button\" data-id=\"71f7d50\" data-element_type=\"widget\" data-widget_type=\"button.default\">\n\t\t\t\t<div class=\"elementor-widget-container\">\n\t\t\t\t\t\t\t\t\t<div class=\"elementor-button-wrapper\">\n\t\t\t\t\t<a class=\"elementor-button elementor-button-link elementor-size-sm\" href=\"https:\/\/www.google.com\/maps\/place\/Momento\/@38.3712096,-8.5096823,17z\/data=!3m2!4b1!5s0xd197fbdeec1fd8f:0x68e5ef3e162f3a7!4m6!3m5!1s0xd197fbdeeece059:0x22035df48ccde361!8m2!3d38.3712054!4d-8.5071127!16s%2Fg%2F11hc_g2m18?entry=ttu&#038;g_ep=EgoyMDI1MDcxNi4wIKXMDSoASAFQAw%3D%3D\" target=\"_blank\" rel=\"noopener\">\n\t\t\t\t\t\t<span class=\"elementor-button-content-wrapper\">\n\t\t\t\t\t\t\t\t\t<span class=\"elementor-button-text\">Momento<\/span>\n\t\t\t\t\t<\/span>\n\t\t\t\t\t<\/a>\n\t\t\t\t<\/div>\n\t\t\t\t\t\t\t\t<\/div>\n\t\t\t\t<\/div>\n\t\t\t\t<div class=\"elementor-element elementor-element-584629c elementor-align-left elementor-widget elementor-widget-button\" data-id=\"584629c\" data-element_type=\"widget\" data-widget_type=\"button.default\">\n\t\t\t\t<div class=\"elementor-widget-container\">\n\t\t\t\t\t\t\t\t\t<div class=\"elementor-button-wrapper\">\n\t\t\t\t\t<a class=\"elementor-button elementor-button-link elementor-size-sm\" href=\"https:\/\/www.google.com\/maps\/place\/A+Papinha\/@38.3713134,-8.5134277,17z\/data=!3m1!4b1!4m6!3m5!1s0xd197fbc7d4153f7:0xc15e81b92fc73c01!8m2!3d38.3713092!4d-8.5108581!16s%2Fg%2F11bbrjq_nz?entry=ttu&#038;g_ep=EgoyMDI1MDcxNi4wIKXMDSoASAFQAw%3D%3D\" target=\"_blank\" rel=\"noopener\">\n\t\t\t\t\t\t<span class=\"elementor-button-content-wrapper\">\n\t\t\t\t\t\t\t\t\t<span class=\"elementor-button-text\">A Papinha<\/span>\n\t\t\t\t\t<\/span>\n\t\t\t\t\t<\/a>\n\t\t\t\t<\/div>\n\t\t\t\t\t\t\t\t<\/div>\n\t\t\t\t<\/div>\n\t\t\t\t<div class=\"elementor-element elementor-element-19c6ffb elementor-align-left elementor-widget elementor-widget-button\" data-id=\"19c6ffb\" data-element_type=\"widget\" data-widget_type=\"button.default\">\n\t\t\t\t<div class=\"elementor-widget-container\">\n\t\t\t\t\t\t\t\t\t<div class=\"elementor-button-wrapper\">\n\t\t\t\t\t<a class=\"elementor-button elementor-button-link elementor-size-sm\" href=\"https:\/\/www.google.com\/maps\/place\/Porto+Santana+-+%22Tasca+do+Gino%22\/@38.3698183,-8.5116603,17z\/data=!3m1!4b1!4m6!3m5!1s0xd197fbe8725101b:0x860e57882061942!8m2!3d38.3698141!4d-8.5090907!16s%2Fg%2F1tf7nv9t?entry=ttu&#038;g_ep=EgoyMDI1MDcxNi4wIKXMDSoASAFQAw%3D%3D\" target=\"_blank\" rel=\"noopener\">\n\t\t\t\t\t\t<span class=\"elementor-button-content-wrapper\">\n\t\t\t\t\t\t\t\t\t<span class=\"elementor-button-text\">Porto Santana - \"Tasca do Gino\"<\/span>\n\t\t\t\t\t<\/span>\n\t\t\t\t\t<\/a>\n\t\t\t\t<\/div>\n\t\t\t\t\t\t\t\t<\/div>\n\t\t\t\t<\/div>\n\t\t\t\t<div class=\"elementor-element elementor-element-d4f35d3 elementor-align-left elementor-widget elementor-widget-button\" data-id=\"d4f35d3\" data-element_type=\"widget\" data-widget_type=\"button.default\">\n\t\t\t\t<div class=\"elementor-widget-container\">\n\t\t\t\t\t\t\t\t\t<div class=\"elementor-button-wrapper\">\n\t\t\t\t\t<a class=\"elementor-button elementor-button-link elementor-size-sm\" href=\"https:\/\/www.google.com\/maps\/place\/Pastelaria+Regional+Carapinhas\/@38.3696212,-8.5071555,17z\/data=!3m1!4b1!4m6!3m5!1s0xd197f945738d287:0x3e129ffad7e3aa7a!8m2!3d38.369617!4d-8.5045859!16s%2Fg%2F11cs6f7q0_?entry=ttu&#038;g_ep=EgoyMDI1MDcxNi4wIKXMDSoASAFQAw%3D%3D\" target=\"_blank\" rel=\"noopener\">\n\t\t\t\t\t\t<span class=\"elementor-button-content-wrapper\">\n\t\t\t\t\t\t\t\t\t<span class=\"elementor-button-text\">Pastelaria Regional Carapinhas<\/span>\n\t\t\t\t\t<\/span>\n\t\t\t\t\t<\/a>\n\t\t\t\t<\/div>\n\t\t\t\t\t\t\t\t<\/div>\n\t\t\t\t<\/div>\n\t\t\t\t<div class=\"elementor-element elementor-element-c75c419 elementor-align-left elementor-widget elementor-widget-button\" data-id=\"c75c419\" data-element_type=\"widget\" data-widget_type=\"button.default\">\n\t\t\t\t<div class=\"elementor-widget-container\">\n\t\t\t\t\t\t\t\t\t<div class=\"elementor-button-wrapper\">\n\t\t\t\t\t<a class=\"elementor-button elementor-button-link elementor-size-sm\" href=\"https:\/\/www.google.com\/maps\/place\/Caf\u00e9+da+Ana\/@38.392662,-8.4345665,16z\/data=!4m6!3m5!1s0xd19819afdcad03d:0xabea712a8266de8a!8m2!3d38.3926199!4d-8.431065!16s%2Fg%2F11h18bjx9r?entry=ttu&#038;g_ep=EgoyMDI1MDcxNi4wIKXMDSoASAFQAw%3D%3D\" target=\"_blank\" rel=\"noopener\">\n\t\t\t\t\t\t<span class=\"elementor-button-content-wrapper\">\n\t\t\t\t\t\t\t\t\t<span class=\"elementor-button-text\">Caf\u00e9 da Ana<\/span>\n\t\t\t\t\t<\/span>\n\t\t\t\t\t<\/a>\n\t\t\t\t<\/div>\n\t\t\t\t\t\t\t\t<\/div>\n\t\t\t\t<\/div>\n\t\t\t\t<div class=\"elementor-element elementor-element-164cc3e elementor-align-left elementor-widget elementor-widget-button\" data-id=\"164cc3e\" data-element_type=\"widget\" data-widget_type=\"button.default\">\n\t\t\t\t<div class=\"elementor-widget-container\">\n\t\t\t\t\t\t\t\t\t<div class=\"elementor-button-wrapper\">\n\t\t\t\t\t<a class=\"elementor-button elementor-button-link elementor-size-sm\" href=\"https:\/\/www.google.com\/maps\/place\/Pial+das+Bilhas\/@38.2981842,-8.4867698,774m\/data=!3m2!1e3!4b1!4m6!3m5!1s0xd1bd4d3531ce485:0xb720a5101946da47!8m2!3d38.29818!4d-8.4842002!16s%2Fg%2F11clvz0vqs?entry=ttu&#038;g_ep=EgoyMDI1MDgxMy4wIKXMDSoASAFQAw%3D%3D\" target=\"_blank\" rel=\"noopener\">\n\t\t\t\t\t\t<span class=\"elementor-button-content-wrapper\">\n\t\t\t\t\t\t\t\t\t<span class=\"elementor-button-text\">Pial das Bilhas<\/span>\n\t\t\t\t\t<\/span>\n\t\t\t\t\t<\/a>\n\t\t\t\t<\/div>\n\t\t\t\t\t\t\t\t<\/div>\n\t\t\t\t<\/div>\n\t\t\t\t<div class=\"elementor-element elementor-element-5dd8e1f elementor-align-left elementor-widget elementor-widget-button\" data-id=\"5dd8e1f\" data-element_type=\"widget\" data-widget_type=\"button.default\">\n\t\t\t\t<div class=\"elementor-widget-container\">\n\t\t\t\t\t\t\t\t\t<div class=\"elementor-button-wrapper\">\n\t\t\t\t\t<a class=\"elementor-button elementor-button-link elementor-size-sm\" href=\"https:\/\/www.google.com\/maps\/place\/O+S\u00e3o+Crist\u00f3v\u00e3o\/@38.4919241,-8.3111327,17z\/data=!3m1!4b1!4m6!3m5!1s0xd198f87814549db:0x7d1e58627419a53c!8m2!3d38.4919199!4d-8.3085631!16s%2Fg%2F11ckw28ktz?entry=ttu&#038;g_ep=EgoyMDI1MDcxNi4wIKXMDSoASAFQAw%3D%3D\" target=\"_blank\" rel=\"noopener\">\n\t\t\t\t\t\t<span class=\"elementor-button-content-wrapper\">\n\t\t\t\t\t\t\t\t\t<span class=\"elementor-button-text\">O S\u00e3o Crist\u00f3v\u00e3o<\/span>\n\t\t\t\t\t<\/span>\n\t\t\t\t\t<\/a>\n\t\t\t\t<\/div>\n\t\t\t\t\t\t\t\t<\/div>\n\t\t\t\t<\/div>\n\t\t\t\t<div class=\"elementor-element elementor-element-0b4390a elementor-widget elementor-widget-spacer\" data-id=\"0b4390a\" data-element_type=\"widget\" data-widget_type=\"spacer.default\">\n\t\t\t\t<div class=\"elementor-widget-container\">\n\t\t\t\t\t\t\t<div class=\"elementor-spacer\">\n\t\t\t<div class=\"elementor-spacer-inner\"><\/div>\n\t\t<\/div>\n\t\t\t\t\t\t<\/div>\n\t\t\t\t<\/div>\n\t\t\t\t<\/div>\n\t\t\t\t<\/div>\n\t\t\t\t\t<\/div>\n\t\t\t\t<\/div>\n\t\t\t\t<\/div>","protected":false},"excerpt":{"rendered":"<p>Museu Pedro Nunes Santu\u00e1rio do Senhor dos M\u00e1rtires Albufeira da Barragem do Pego do Altar Pa\u00e7o dos Henriques Ru\u00ednas Romanas de Tr\u00f3ia Cais Palafit\u00edco da Carrasqueira Social. Vinhos &amp; Petiscos Alc\u00e1cer do Sal Momento A Papinha Porto Santana &#8211; &#8220;Tasca do Gino&#8221; Pastelaria Regional Carapinhas Caf\u00e9 da Ana Pial das Bilhas O S\u00e3o Crist\u00f3v\u00e3o<\/p>","protected":false},"author":1,"featured_media":810,"parent":0,"menu_order":0,"comment_status":"closed","ping_status":"closed","template":"","meta":{"_acf_changed":false,"footnotes":""},"class_list":["post-67","page","type-page","status-publish","has-post-thumbnail","hentry"],"acf":[],"_links":{"self":[{"href":"https:\/\/montinhos.pt\/en\/wp-json\/wp\/v2\/pages\/67","targetHints":{"allow":["GET"]}}],"collection":[{"href":"https:\/\/montinhos.pt\/en\/wp-json\/wp\/v2\/pages"}],"about":[{"href":"https:\/\/montinhos.pt\/en\/wp-json\/wp\/v2\/types\/page"}],"author":[{"embeddable":true,"href":"https:\/\/montinhos.pt\/en\/wp-json\/wp\/v2\/users\/1"}],"replies":[{"embeddable":true,"href":"https:\/\/montinhos.pt\/en\/wp-json\/wp\/v2\/comments?post=67"}],"version-history":[{"count":133,"href":"https:\/\/montinhos.pt\/en\/wp-json\/wp\/v2\/pages\/67\/revisions"}],"predecessor-version":[{"id":1671,"href":"https:\/\/montinhos.pt\/en\/wp-json\/wp\/v2\/pages\/67\/revisions\/1671"}],"wp:featuredmedia":[{"embeddable":true,"href":"https:\/\/montinhos.pt\/en\/wp-json\/wp\/v2\/media\/810"}],"wp:attachment":[{"href":"https:\/\/montinhos.pt\/en\/wp-json\/wp\/v2\/media?parent=67"}],"curies":[{"name":"wp","href":"https:\/\/api.w.org\/{rel}","templated":true}]}}