{"id":65,"date":"2025-04-29T22:35:55","date_gmt":"2025-04-29T22:35:55","guid":{"rendered":"https:\/\/falcaolucas.com\/sites\/montinhos\/?page_id=65"},"modified":"2025-10-20T10:20:00","modified_gmt":"2025-10-20T09:20:00","slug":"sobre-nos","status":"publish","type":"page","link":"https:\/\/montinhos.pt\/en\/sobre-nos\/","title":{"rendered":"sobre nos"},"content":{"rendered":"<div data-elementor-type=\"wp-page\" data-elementor-id=\"65\" class=\"elementor elementor-65\" data-elementor-post-type=\"page\">\n\t\t\t\t<div class=\"elementor-element elementor-element-aebfafb e-con-full e-flex e-con e-parent\" data-id=\"aebfafb\" data-element_type=\"container\" data-settings=\"{&quot;background_background&quot;:&quot;classic&quot;}\">\n\t\t\t\t<\/div>\n\t\t<div class=\"elementor-element elementor-element-490603b e-flex e-con-boxed e-con e-parent\" data-id=\"490603b\" data-element_type=\"container\">\n\t\t\t\t\t<div class=\"e-con-inner\">\n\t\t<div class=\"elementor-element elementor-element-80b748f e-con-full e-flex e-con e-child\" data-id=\"80b748f\" data-element_type=\"container\">\n\t\t\t\t<div class=\"elementor-element elementor-element-b0237b4 elementor-widget elementor-widget-heading\" data-id=\"b0237b4\" data-element_type=\"widget\" data-widget_type=\"heading.default\">\n\t\t\t\t<div class=\"elementor-widget-container\">\n\t\t\t\t\t<h1 class=\"elementor-heading-title elementor-size-default\">about us<\/h1>\t\t\t\t<\/div>\n\t\t\t\t<\/div>\n\t\t\t\t<\/div>\n\t\t<div class=\"elementor-element elementor-element-8f6ef33 e-con-full e-flex e-con e-child\" data-id=\"8f6ef33\" data-element_type=\"container\">\n\t\t<div class=\"elementor-element elementor-element-0b8b9f9 e-con-full e-flex e-con e-child\" data-id=\"0b8b9f9\" data-element_type=\"container\">\n\t\t\t\t<div class=\"elementor-element elementor-element-041d0a2 elementor-widget elementor-widget-text-editor\" data-id=\"041d0a2\" data-element_type=\"widget\" data-widget_type=\"text-editor.default\">\n\t\t\t\t<div class=\"elementor-widget-container\">\n\t\t\t\t\t\t\t\t\t<p>All my happy places are in the summer. And in it\u2019s houses.<br \/>\nFirst in the Azores, where I grew up, and in the Algarve in the 1970s and 1980s.<br \/>\nThe Alentejo came later, as an adult. As a refuge.<br \/>\nWith its intense heat, the shade of the cork oaks, the song of the cicadas. The whitewashed walls, the courtyards, and the water running in the canal. And dipping my feet in the springs of the rice paddies.<br \/>\nA love they taught me.<br \/>\nWhich is also the love of stillness and wandering.<br \/>\nFrom this love comes the idea of rebuilding the ruins of Montinhos. It is a quiet place. With its \"listening chimneys\" where so many rumors and stories passed.<br \/>\nWhat is tangible today is the materialization of memories of those summers, of struggles, stories, and destiny.<br \/>\nI thank my husband and Santa Catarina.<\/p>\n\t\t\t\t\t\t\t\t<\/div>\n\t\t\t\t<\/div>\n\t\t\t\t<div class=\"elementor-element elementor-element-dcf3b93 elementor-widget elementor-widget-heading\" data-id=\"dcf3b93\" data-element_type=\"widget\" data-widget_type=\"heading.default\">\n\t\t\t\t<div class=\"elementor-widget-container\">\n\t\t\t\t\t<p class=\"elementor-heading-title elementor-size-default\">- MAFALDA<\/p>\t\t\t\t<\/div>\n\t\t\t\t<\/div>\n\t\t\t\t<\/div>\n\t\t<div class=\"elementor-element elementor-element-44888d7 e-con-full e-flex e-con e-child\" data-id=\"44888d7\" data-element_type=\"container\">\n\t\t\t\t<div class=\"elementor-element elementor-element-6c75c8c elementor-widget elementor-widget-text-editor\" data-id=\"6c75c8c\" data-element_type=\"widget\" data-widget_type=\"text-editor.default\">\n\t\t\t\t<div class=\"elementor-widget-container\">\n\t\t\t\t\t\t\t\t\t<p>I grew up with music, in a high fidelity to the sounds I've carried since childhood. Pentatonic scales, clearly rooted in my Eastern origins.<br \/>\nThese could only have anticipated the great well-being I feel in this natural, almost silent Alentejo region, sometimes interrupted by the chatter of storks in the raw green of the rice fields, the chirping of bluethroats, or even the simple rustling of sparrows  wings searching for nesting sites. Ultimately, it seems we all yearn for the same things.<br \/>\nThe will and soulful strength to carry out this entire edifice truly belongs to my wife; I am merely the one trying to make all her wishes a tangible reality.<\/p>\n\t\t\t\t\t\t\t\t<\/div>\n\t\t\t\t<\/div>\n\t\t\t\t<div class=\"elementor-element elementor-element-462cb3b elementor-widget elementor-widget-heading\" data-id=\"462cb3b\" data-element_type=\"widget\" data-widget_type=\"heading.default\">\n\t\t\t\t<div class=\"elementor-widget-container\">\n\t\t\t\t\t<p class=\"elementor-heading-title elementor-size-default\">- RUI<\/p>\t\t\t\t<\/div>\n\t\t\t\t<\/div>\n\t\t\t\t<\/div>\n\t\t\t\t<\/div>\n\t\t\t\t\t<\/div>\n\t\t\t\t<\/div>\n\t\t\t\t<\/div>","protected":false},"excerpt":{"rendered":"<p>sobre n\u00f3s Os meus lugares felizes s\u00e3o todos no Ver\u00e3o. E nas suas casas.Primeiro nos A\u00e7ores, onde cresci, e no Algarve nos anos 70 e 80. O Alentejo vem depois, j\u00e1 adulta. Como ref\u00fagio. Com o seu calor intenso, a sombra dos sobreiros, o cantar das cigarras. As paredes caiadas, os p\u00e1tios e a \u00e1gua [&hellip;]<\/p>","protected":false},"author":1,"featured_media":718,"parent":0,"menu_order":0,"comment_status":"closed","ping_status":"closed","template":"","meta":{"_acf_changed":false,"footnotes":""},"class_list":["post-65","page","type-page","status-publish","has-post-thumbnail","hentry"],"acf":[],"_links":{"self":[{"href":"https:\/\/montinhos.pt\/en\/wp-json\/wp\/v2\/pages\/65","targetHints":{"allow":["GET"]}}],"collection":[{"href":"https:\/\/montinhos.pt\/en\/wp-json\/wp\/v2\/pages"}],"about":[{"href":"https:\/\/montinhos.pt\/en\/wp-json\/wp\/v2\/types\/page"}],"author":[{"embeddable":true,"href":"https:\/\/montinhos.pt\/en\/wp-json\/wp\/v2\/users\/1"}],"replies":[{"embeddable":true,"href":"https:\/\/montinhos.pt\/en\/wp-json\/wp\/v2\/comments?post=65"}],"version-history":[{"count":67,"href":"https:\/\/montinhos.pt\/en\/wp-json\/wp\/v2\/pages\/65\/revisions"}],"predecessor-version":[{"id":1719,"href":"https:\/\/montinhos.pt\/en\/wp-json\/wp\/v2\/pages\/65\/revisions\/1719"}],"wp:featuredmedia":[{"embeddable":true,"href":"https:\/\/montinhos.pt\/en\/wp-json\/wp\/v2\/media\/718"}],"wp:attachment":[{"href":"https:\/\/montinhos.pt\/en\/wp-json\/wp\/v2\/media?parent=65"}],"curies":[{"name":"wp","href":"https:\/\/api.w.org\/{rel}","templated":true}]}}