{"id":61,"date":"2025-04-29T19:59:01","date_gmt":"2025-04-29T19:59:01","guid":{"rendered":"https:\/\/falcaolucas.com\/sites\/montinhos\/?page_id=61"},"modified":"2026-01-13T17:52:59","modified_gmt":"2026-01-13T17:52:59","slug":"a-herdade","status":"publish","type":"page","link":"https:\/\/montinhos.pt\/en\/a-herdade\/","title":{"rendered":"the estate"},"content":{"rendered":"<div data-elementor-type=\"wp-page\" data-elementor-id=\"61\" class=\"elementor elementor-61\" data-elementor-post-type=\"page\">\n\t\t\t\t<div class=\"elementor-element elementor-element-aebfafb e-con-full e-flex e-con e-parent\" data-id=\"aebfafb\" data-element_type=\"container\" data-settings=\"{&quot;background_background&quot;:&quot;classic&quot;}\">\n\t\t\t\t<\/div>\n\t\t<div class=\"elementor-element elementor-element-8b1487b e-flex e-con-boxed e-con e-parent\" data-id=\"8b1487b\" data-element_type=\"container\">\n\t\t\t\t\t<div class=\"e-con-inner\">\n\t\t<div class=\"elementor-element elementor-element-5d524ff e-con-full e-flex e-con e-child\" data-id=\"5d524ff\" data-element_type=\"container\">\n\t\t<div class=\"elementor-element elementor-element-ffac9e5 e-con-full e-flex e-con e-child\" data-id=\"ffac9e5\" data-element_type=\"container\">\n\t\t\t\t<div class=\"elementor-element elementor-element-b0237b4 elementor-widget elementor-widget-heading\" data-id=\"b0237b4\" data-element_type=\"widget\" data-widget_type=\"heading.default\">\n\t\t\t\t<div class=\"elementor-widget-container\">\n\t\t\t\t\t<h1 class=\"elementor-heading-title elementor-size-default\">the estate<\/h1>\t\t\t\t<\/div>\n\t\t\t\t<\/div>\n\t\t\t\t<\/div>\n\t\t<div class=\"elementor-element elementor-element-7c7ff37 e-con-full e-flex e-con e-child\" data-id=\"7c7ff37\" data-element_type=\"container\">\n\t\t\t\t<div class=\"elementor-element elementor-element-dcc2ab2 elementor-widget elementor-widget-text-editor\" data-id=\"dcc2ab2\" data-element_type=\"widget\" data-widget_type=\"text-editor.default\">\n\t\t\t\t<div class=\"elementor-widget-container\">\n\t\t\t\t\t\t\t\t\t<p>Located in the small village of Santa Catarina de S\u00edtimos, with a known human occupation since the 1st century A.C. , near the ancient port city of Alc\u00e1cer do Sal, 30 minutes from the Alentejo coast and 50 minutes from Lisbon.<\/p><p>The farm, family-owned for more than five generations, stretches southward, presenting a diversity of environments from north to south: rice fields, olive groves, pasture, holm and cork tree \u201cmontado\u201d and woods.<\/p><p>The agricultural project is based on three main ideas:<br \/>- safeguarding and maintaining the productive landscape (rice fields, olive groves, pasture, and montado), as well as all existing vegetation;<br \/>- preserving and expanding the existing olive grove area;<br \/>- establishing a vegetable garden and orchard.<\/p>\t\t\t\t\t\t\t\t<\/div>\n\t\t\t\t<\/div>\n\t\t\t\t<div class=\"elementor-element elementor-element-68b3dcb elementor-widget elementor-widget-spacer\" data-id=\"68b3dcb\" data-element_type=\"widget\" data-widget_type=\"spacer.default\">\n\t\t\t\t<div class=\"elementor-widget-container\">\n\t\t\t\t\t\t\t<div class=\"elementor-spacer\">\n\t\t\t<div class=\"elementor-spacer-inner\"><\/div>\n\t\t<\/div>\n\t\t\t\t\t\t<\/div>\n\t\t\t\t<\/div>\n\t\t\t\t<div class=\"elementor-element elementor-element-1e5298f elementor-widget elementor-widget-button\" data-id=\"1e5298f\" data-element_type=\"widget\" data-widget_type=\"button.default\">\n\t\t\t\t<div class=\"elementor-widget-container\">\n\t\t\t\t\t\t\t\t\t<div class=\"elementor-button-wrapper\">\n\t\t\t\t\t<a class=\"elementor-button elementor-button-link elementor-size-sm\" href=\"https:\/\/montinhos.pt\/en\/as-casas\/\">\n\t\t\t\t\t\t<span class=\"elementor-button-content-wrapper\">\n\t\t\t\t\t\t\t\t\t<span class=\"elementor-button-text\">discover our houses here<\/span>\n\t\t\t\t\t<\/span>\n\t\t\t\t\t<\/a>\n\t\t\t\t<\/div>\n\t\t\t\t\t\t\t\t<\/div>\n\t\t\t\t<\/div>\n\t\t\t\t<\/div>\n\t\t\t\t<\/div>\n\t\t\t\t\t<\/div>\n\t\t\t\t<\/div>\n\t\t<div class=\"elementor-element elementor-element-c830759 e-con-full e-flex e-con e-parent\" data-id=\"c830759\" data-element_type=\"container\" data-settings=\"{&quot;background_background&quot;:&quot;classic&quot;}\">\n\t\t\t\t<div class=\"elementor-element elementor-element-8e81faa elementor-widget elementor-widget-image\" data-id=\"8e81faa\" data-element_type=\"widget\" data-widget_type=\"image.default\">\n\t\t\t\t<div class=\"elementor-widget-container\">\n\t\t\t\t\t\t\t\t\t\t\t\t\t\t\t<img fetchpriority=\"high\" decoding=\"async\" width=\"800\" height=\"534\" src=\"https:\/\/montinhos.pt\/wp-content\/uploads\/2025\/07\/05-HdM_LNG-110-1024x683.jpg\" class=\"attachment-large size-large wp-image-634\" alt=\"Montinhos - A Herdade\" srcset=\"https:\/\/montinhos.pt\/wp-content\/uploads\/2025\/07\/05-HdM_LNG-110-1024x683.jpg 1024w, https:\/\/montinhos.pt\/wp-content\/uploads\/2025\/07\/05-HdM_LNG-110-300x200.jpg 300w, https:\/\/montinhos.pt\/wp-content\/uploads\/2025\/07\/05-HdM_LNG-110-768x512.jpg 768w, https:\/\/montinhos.pt\/wp-content\/uploads\/2025\/07\/05-HdM_LNG-110-1536x1024.jpg 1536w, https:\/\/montinhos.pt\/wp-content\/uploads\/2025\/07\/05-HdM_LNG-110.jpg 2048w\" sizes=\"(max-width: 800px) 100vw, 800px\" \/>\t\t\t\t\t\t\t\t\t\t\t\t\t\t\t<\/div>\n\t\t\t\t<\/div>\n\t\t\t\t<\/div>\n\t\t<div class=\"elementor-element elementor-element-692d99f e-flex e-con-boxed e-con e-parent\" data-id=\"692d99f\" data-element_type=\"container\">\n\t\t\t\t\t<div class=\"e-con-inner\">\n\t\t<div class=\"elementor-element elementor-element-d2b90d9 e-con-full e-flex e-con e-child\" data-id=\"d2b90d9\" data-element_type=\"container\">\n\t\t<div class=\"elementor-element elementor-element-8ad07ec e-con-full e-flex e-con e-child\" data-id=\"8ad07ec\" data-element_type=\"container\">\n\t\t\t\t<div class=\"elementor-element elementor-element-2903e7c elementor-widget elementor-widget-heading\" data-id=\"2903e7c\" data-element_type=\"widget\" data-widget_type=\"heading.default\">\n\t\t\t\t<div class=\"elementor-widget-container\">\n\t\t\t\t\t<h6 class=\"elementor-heading-title elementor-size-default\">\"Minha estrada minha praia de Agosto minha luz caiada meu muro meu solu\u00e7o de fonte.\"\n<\/h6>\t\t\t\t<\/div>\n\t\t\t\t<\/div>\n\t\t\t\t<div class=\"elementor-element elementor-element-8f71ca3 elementor-widget elementor-widget-heading\" data-id=\"8f71ca3\" data-element_type=\"widget\" data-widget_type=\"heading.default\">\n\t\t\t\t<div class=\"elementor-widget-container\">\n\t\t\t\t\t<p class=\"elementor-heading-title elementor-size-default\">- Lobo Antunes<\/p>\t\t\t\t<\/div>\n\t\t\t\t<\/div>\n\t\t\t\t<\/div>\n\t\t\t\t<\/div>\n\t\t\t\t\t<\/div>\n\t\t\t\t<\/div>\n\t\t<div class=\"elementor-element elementor-element-aa00357 e-con-full e-flex e-con e-parent\" data-id=\"aa00357\" data-element_type=\"container\" data-settings=\"{&quot;background_background&quot;:&quot;classic&quot;}\">\n\t\t\t\t<div class=\"elementor-element elementor-element-4bec32b elementor-widget elementor-widget-image\" data-id=\"4bec32b\" data-element_type=\"widget\" data-widget_type=\"image.default\">\n\t\t\t\t<div class=\"elementor-widget-container\">\n\t\t\t\t\t\t\t\t\t\t\t\t\t\t\t<img decoding=\"async\" width=\"800\" height=\"534\" src=\"https:\/\/montinhos.pt\/wp-content\/uploads\/2025\/07\/06-HdM_LNG-111-1024x683.jpg\" class=\"attachment-large size-large wp-image-635\" alt=\"Montinhos - A Herdade\" srcset=\"https:\/\/montinhos.pt\/wp-content\/uploads\/2025\/07\/06-HdM_LNG-111-1024x683.jpg 1024w, https:\/\/montinhos.pt\/wp-content\/uploads\/2025\/07\/06-HdM_LNG-111-300x200.jpg 300w, https:\/\/montinhos.pt\/wp-content\/uploads\/2025\/07\/06-HdM_LNG-111-768x512.jpg 768w, https:\/\/montinhos.pt\/wp-content\/uploads\/2025\/07\/06-HdM_LNG-111-1536x1024.jpg 1536w, https:\/\/montinhos.pt\/wp-content\/uploads\/2025\/07\/06-HdM_LNG-111.jpg 2048w\" sizes=\"(max-width: 800px) 100vw, 800px\" \/>\t\t\t\t\t\t\t\t\t\t\t\t\t\t\t<\/div>\n\t\t\t\t<\/div>\n\t\t\t\t<\/div>\n\t\t<div class=\"elementor-element elementor-element-1c3e9c2 elementor-hidden-desktop elementor-hidden-tablet elementor-hidden-mobile e-flex e-con-boxed e-con e-parent\" data-id=\"1c3e9c2\" data-element_type=\"container\">\n\t\t\t\t\t<div class=\"e-con-inner\">\n\t\t<div class=\"elementor-element elementor-element-c3cb294 e-con-full e-flex e-con e-child\" data-id=\"c3cb294\" data-element_type=\"container\">\n\t\t<div class=\"elementor-element elementor-element-f9ceb49 e-con-full e-flex e-con e-child\" data-id=\"f9ceb49\" data-element_type=\"container\">\n\t\t\t\t<div class=\"elementor-element elementor-element-dd6dbfa elementor-widget elementor-widget-heading\" data-id=\"dd6dbfa\" data-element_type=\"widget\" data-widget_type=\"heading.default\">\n\t\t\t\t<div class=\"elementor-widget-container\">\n\t\t\t\t\t<h6 class=\"elementor-heading-title elementor-size-default\">\"Desceu ao p\u00e1tio, onde as \u00e1rvores adensavam a sombra do crep\u00fasculo, carregado de fuscas nuvens\"\n<\/h6>\t\t\t\t<\/div>\n\t\t\t\t<\/div>\n\t\t\t\t<div class=\"elementor-element elementor-element-ca5c5ff elementor-widget elementor-widget-heading\" data-id=\"ca5c5ff\" data-element_type=\"widget\" data-widget_type=\"heading.default\">\n\t\t\t\t<div class=\"elementor-widget-container\">\n\t\t\t\t\t<p class=\"elementor-heading-title elementor-size-default\">- E\u00e7a de Queiroz<\/p>\t\t\t\t<\/div>\n\t\t\t\t<\/div>\n\t\t\t\t<\/div>\n\t\t\t\t<\/div>\n\t\t\t\t\t<\/div>\n\t\t\t\t<\/div>\n\t\t<div class=\"elementor-element elementor-element-0d52b7d e-con-full e-flex e-con e-parent\" data-id=\"0d52b7d\" data-element_type=\"container\">\n\t\t<div class=\"elementor-element elementor-element-87603ba e-con-full e-flex e-con e-child\" data-id=\"87603ba\" data-element_type=\"container\">\n\t\t\t\t<div class=\"elementor-element elementor-element-2a01bd6 elementor-widget elementor-widget-image\" data-id=\"2a01bd6\" data-element_type=\"widget\" data-widget_type=\"image.default\">\n\t\t\t\t<div class=\"elementor-widget-container\">\n\t\t\t\t\t\t\t\t\t\t\t\t\t\t\t\t<a href=\"https:\/\/montinhos.pt\/wp-content\/uploads\/2025\/07\/02-HdM_LNG-17-scaled.jpg\" data-elementor-open-lightbox=\"yes\" data-e-action-hash=\"#elementor-action%3Aaction%3Dlightbox%26settings%3DeyJpZCI6NjMxLCJ1cmwiOiJodHRwczpcL1wvbW9udGluaG9zLnB0XC93cC1jb250ZW50XC91cGxvYWRzXC8yMDI1XC8wN1wvMDItSGRNX0xORy0xNy1zY2FsZWQuanBnIn0%3D\">\n\t\t\t\t\t\t\t<img decoding=\"async\" width=\"768\" height=\"1024\" src=\"https:\/\/montinhos.pt\/wp-content\/uploads\/2025\/07\/02-HdM_LNG-17-768x1024.jpg\" class=\"attachment-large size-large wp-image-631\" alt=\"Montinhos - A Herdade\" srcset=\"https:\/\/montinhos.pt\/wp-content\/uploads\/2025\/07\/02-HdM_LNG-17-768x1024.jpg 768w, https:\/\/montinhos.pt\/wp-content\/uploads\/2025\/07\/02-HdM_LNG-17-225x300.jpg 225w, https:\/\/montinhos.pt\/wp-content\/uploads\/2025\/07\/02-HdM_LNG-17-1152x1536.jpg 1152w, https:\/\/montinhos.pt\/wp-content\/uploads\/2025\/07\/02-HdM_LNG-17-1536x2048.jpg 1536w, https:\/\/montinhos.pt\/wp-content\/uploads\/2025\/07\/02-HdM_LNG-17-scaled.jpg 1920w\" sizes=\"(max-width: 768px) 100vw, 768px\" \/>\t\t\t\t\t\t\t\t<\/a>\n\t\t\t\t\t\t\t\t\t\t\t\t\t\t\t<\/div>\n\t\t\t\t<\/div>\n\t\t\t\t<\/div>\n\t\t<div class=\"elementor-element elementor-element-83f423f e-con-full e-flex e-con e-child\" data-id=\"83f423f\" data-element_type=\"container\">\n\t\t\t\t<div class=\"elementor-element elementor-element-ac7a83c elementor-widget elementor-widget-image\" data-id=\"ac7a83c\" data-element_type=\"widget\" data-widget_type=\"image.default\">\n\t\t\t\t<div class=\"elementor-widget-container\">\n\t\t\t\t\t\t\t\t\t\t\t\t\t\t\t\t<a href=\"https:\/\/montinhos.pt\/wp-content\/uploads\/2025\/07\/04-HdM_LNG-88-scaled.jpg\" data-elementor-open-lightbox=\"yes\" data-e-action-hash=\"#elementor-action%3Aaction%3Dlightbox%26settings%3DeyJpZCI6NjMzLCJ1cmwiOiJodHRwczpcL1wvbW9udGluaG9zLnB0XC93cC1jb250ZW50XC91cGxvYWRzXC8yMDI1XC8wN1wvMDQtSGRNX0xORy04OC1zY2FsZWQuanBnIn0%3D\">\n\t\t\t\t\t\t\t<img loading=\"lazy\" decoding=\"async\" width=\"768\" height=\"1024\" src=\"https:\/\/montinhos.pt\/wp-content\/uploads\/2025\/07\/04-HdM_LNG-88-768x1024.jpg\" class=\"attachment-large size-large wp-image-633\" alt=\"Montinhos - A Herdade\" srcset=\"https:\/\/montinhos.pt\/wp-content\/uploads\/2025\/07\/04-HdM_LNG-88-768x1024.jpg 768w, https:\/\/montinhos.pt\/wp-content\/uploads\/2025\/07\/04-HdM_LNG-88-225x300.jpg 225w, https:\/\/montinhos.pt\/wp-content\/uploads\/2025\/07\/04-HdM_LNG-88-1152x1536.jpg 1152w, https:\/\/montinhos.pt\/wp-content\/uploads\/2025\/07\/04-HdM_LNG-88-1536x2048.jpg 1536w, https:\/\/montinhos.pt\/wp-content\/uploads\/2025\/07\/04-HdM_LNG-88-scaled.jpg 1920w\" sizes=\"(max-width: 768px) 100vw, 768px\" \/>\t\t\t\t\t\t\t\t<\/a>\n\t\t\t\t\t\t\t\t\t\t\t\t\t\t\t<\/div>\n\t\t\t\t<\/div>\n\t\t\t\t<\/div>\n\t\t<div class=\"elementor-element elementor-element-2c90e0f e-con-full e-flex e-con e-child\" data-id=\"2c90e0f\" data-element_type=\"container\">\n\t\t\t\t<div class=\"elementor-element elementor-element-51a7e0a elementor-widget elementor-widget-image\" data-id=\"51a7e0a\" data-element_type=\"widget\" data-widget_type=\"image.default\">\n\t\t\t\t<div class=\"elementor-widget-container\">\n\t\t\t\t\t\t\t\t\t\t\t\t\t\t\t\t<a href=\"https:\/\/montinhos.pt\/wp-content\/uploads\/2025\/07\/01-HdM_LNG-94-scaled.jpg\" data-elementor-open-lightbox=\"yes\" data-e-action-hash=\"#elementor-action%3Aaction%3Dlightbox%26settings%3DeyJpZCI6NjMwLCJ1cmwiOiJodHRwczpcL1wvbW9udGluaG9zLnB0XC93cC1jb250ZW50XC91cGxvYWRzXC8yMDI1XC8wN1wvMDEtSGRNX0xORy05NC1zY2FsZWQuanBnIn0%3D\">\n\t\t\t\t\t\t\t<img loading=\"lazy\" decoding=\"async\" width=\"768\" height=\"1024\" src=\"https:\/\/montinhos.pt\/wp-content\/uploads\/2025\/07\/01-HdM_LNG-94-768x1024.jpg\" class=\"attachment-large size-large wp-image-630\" alt=\"Montinhos - A Herdade\" srcset=\"https:\/\/montinhos.pt\/wp-content\/uploads\/2025\/07\/01-HdM_LNG-94-768x1024.jpg 768w, https:\/\/montinhos.pt\/wp-content\/uploads\/2025\/07\/01-HdM_LNG-94-225x300.jpg 225w, https:\/\/montinhos.pt\/wp-content\/uploads\/2025\/07\/01-HdM_LNG-94-1152x1536.jpg 1152w, https:\/\/montinhos.pt\/wp-content\/uploads\/2025\/07\/01-HdM_LNG-94-1536x2048.jpg 1536w, https:\/\/montinhos.pt\/wp-content\/uploads\/2025\/07\/01-HdM_LNG-94-scaled.jpg 1920w\" sizes=\"(max-width: 768px) 100vw, 768px\" \/>\t\t\t\t\t\t\t\t<\/a>\n\t\t\t\t\t\t\t\t\t\t\t\t\t\t\t<\/div>\n\t\t\t\t<\/div>\n\t\t\t\t<\/div>\n\t\t\t\t<\/div>\n\t\t\t\t<\/div>","protected":false},"excerpt":{"rendered":"<p>a herdade Situada na pequena aldeia de Santa Catarina de S\u00edtimos, com ocupa\u00e7\u00e3o humana conhecida desde o s\u00e9culo I d.C., perto da antiga cidade portu\u00e1ria de Alc\u00e1cer do Sal, a 30 minutos da costa alentejana e a 50 minutos de Lisboa. A herdade, propriedade familiar h\u00e1 cinco gera\u00e7\u00f5es, desenvolve-se para Sul apresentando uma diversidade de [&hellip;]<\/p>","protected":false},"author":1,"featured_media":630,"parent":0,"menu_order":0,"comment_status":"closed","ping_status":"closed","template":"","meta":{"_acf_changed":false,"footnotes":""},"class_list":["post-61","page","type-page","status-publish","has-post-thumbnail","hentry"],"acf":[],"_links":{"self":[{"href":"https:\/\/montinhos.pt\/en\/wp-json\/wp\/v2\/pages\/61","targetHints":{"allow":["GET"]}}],"collection":[{"href":"https:\/\/montinhos.pt\/en\/wp-json\/wp\/v2\/pages"}],"about":[{"href":"https:\/\/montinhos.pt\/en\/wp-json\/wp\/v2\/types\/page"}],"author":[{"embeddable":true,"href":"https:\/\/montinhos.pt\/en\/wp-json\/wp\/v2\/users\/1"}],"replies":[{"embeddable":true,"href":"https:\/\/montinhos.pt\/en\/wp-json\/wp\/v2\/comments?post=61"}],"version-history":[{"count":98,"href":"https:\/\/montinhos.pt\/en\/wp-json\/wp\/v2\/pages\/61\/revisions"}],"predecessor-version":[{"id":1822,"href":"https:\/\/montinhos.pt\/en\/wp-json\/wp\/v2\/pages\/61\/revisions\/1822"}],"wp:featuredmedia":[{"embeddable":true,"href":"https:\/\/montinhos.pt\/en\/wp-json\/wp\/v2\/media\/630"}],"wp:attachment":[{"href":"https:\/\/montinhos.pt\/en\/wp-json\/wp\/v2\/media?parent=61"}],"curies":[{"name":"wp","href":"https:\/\/api.w.org\/{rel}","templated":true}]}}