{"id":59,"date":"2025-04-29T21:29:14","date_gmt":"2025-04-29T21:29:14","guid":{"rendered":"https:\/\/falcaolucas.com\/sites\/montinhos\/?page_id=59"},"modified":"2025-09-22T16:19:23","modified_gmt":"2025-09-22T15:19:23","slug":"as-casas","status":"publish","type":"page","link":"https:\/\/montinhos.pt\/en\/as-casas\/","title":{"rendered":"the houses"},"content":{"rendered":"<div data-elementor-type=\"wp-page\" data-elementor-id=\"59\" class=\"elementor elementor-59\" data-elementor-post-type=\"page\">\n\t\t\t\t<div class=\"elementor-element elementor-element-ee1f6e6 e-con-full e-flex e-con e-parent\" data-id=\"ee1f6e6\" data-element_type=\"container\" data-settings=\"{&quot;background_background&quot;:&quot;classic&quot;}\">\n\t\t\t\t<\/div>\n\t\t<div class=\"elementor-element elementor-element-a7010c7 e-flex e-con-boxed e-con e-parent\" data-id=\"a7010c7\" data-element_type=\"container\">\n\t\t\t\t\t<div class=\"e-con-inner\">\n\t\t<div class=\"elementor-element elementor-element-039f204 e-con-full e-flex e-con e-child\" data-id=\"039f204\" data-element_type=\"container\">\n\t\t<div class=\"elementor-element elementor-element-1db0ac4 e-con-full e-flex e-con e-child\" data-id=\"1db0ac4\" data-element_type=\"container\">\n\t\t\t\t<div class=\"elementor-element elementor-element-c2db13c elementor-widget elementor-widget-heading\" data-id=\"c2db13c\" data-element_type=\"widget\" data-widget_type=\"heading.default\">\n\t\t\t\t<div class=\"elementor-widget-container\">\n\t\t\t\t\t<h1 class=\"elementor-heading-title elementor-size-default\">the houses<\/h1>\t\t\t\t<\/div>\n\t\t\t\t<\/div>\n\t\t\t\t<\/div>\n\t\t<div class=\"elementor-element elementor-element-5ea7665 e-con-full e-flex e-con e-child\" data-id=\"5ea7665\" data-element_type=\"container\">\n\t\t\t\t<div class=\"elementor-element elementor-element-f8dd425 elementor-widget elementor-widget-text-editor\" data-id=\"f8dd425\" data-element_type=\"widget\" data-widget_type=\"text-editor.default\">\n\t\t\t\t<div class=\"elementor-widget-container\">\n\t\t\t\t\t\t\t\t\t<p>Surrounded by olive trees, two sets of whitewashed houses stand suspended in an amphitheater of rice fields. <br \/>Renovated from ruins in a project ordered to architect Pedro Ressano Garcia, who, recognizing the building's historical and vernacular value, respected the original layout and its curvatures. The horizontality is accentuated by the insistence of a single floor, where the white stripe of the walls, like an horizontal accent, separates the blue of the sky from the earthy yellow of the ground and the fresh green of the rice fields. The \"listening chimneys\" are dominant elements in the architectural composition, standing in a row atop the houses as witnesses of the gatherings around the fire and family conversations throughout ancient times decorated with symbols of protection carefully repaired.<\/p>\t\t\t\t\t\t\t\t<\/div>\n\t\t\t\t<\/div>\n\t\t\t\t<div class=\"elementor-element elementor-element-43fcdbf elementor-widget elementor-widget-spacer\" data-id=\"43fcdbf\" data-element_type=\"widget\" data-widget_type=\"spacer.default\">\n\t\t\t\t<div class=\"elementor-widget-container\">\n\t\t\t\t\t\t\t<div class=\"elementor-spacer\">\n\t\t\t<div class=\"elementor-spacer-inner\"><\/div>\n\t\t<\/div>\n\t\t\t\t\t\t<\/div>\n\t\t\t\t<\/div>\n\t\t\t\t<\/div>\n\t\t\t\t<\/div>\n\t\t\t\t\t<\/div>\n\t\t\t\t<\/div>\n\t\t<div class=\"elementor-element elementor-element-018a637 e-con-full e-flex e-con e-parent\" data-id=\"018a637\" data-element_type=\"container\" data-settings=\"{&quot;background_background&quot;:&quot;classic&quot;}\">\n\t\t\t\t<div class=\"elementor-element elementor-element-763a87b elementor-widget elementor-widget-image\" data-id=\"763a87b\" data-element_type=\"widget\" data-widget_type=\"image.default\">\n\t\t\t\t<div class=\"elementor-widget-container\">\n\t\t\t\t\t\t\t\t\t\t\t\t\t\t\t<img fetchpriority=\"high\" decoding=\"async\" width=\"800\" height=\"600\" src=\"https:\/\/montinhos.pt\/wp-content\/uploads\/2025\/07\/06-HdM_LNG-33-1024x768.jpg\" class=\"attachment-large size-large wp-image-658\" alt=\"Montinhos - As Casas\" srcset=\"https:\/\/montinhos.pt\/wp-content\/uploads\/2025\/07\/06-HdM_LNG-33-1024x768.jpg 1024w, https:\/\/montinhos.pt\/wp-content\/uploads\/2025\/07\/06-HdM_LNG-33-300x225.jpg 300w, https:\/\/montinhos.pt\/wp-content\/uploads\/2025\/07\/06-HdM_LNG-33-768x576.jpg 768w, https:\/\/montinhos.pt\/wp-content\/uploads\/2025\/07\/06-HdM_LNG-33-1536x1152.jpg 1536w, https:\/\/montinhos.pt\/wp-content\/uploads\/2025\/07\/06-HdM_LNG-33.jpg 2048w\" sizes=\"(max-width: 800px) 100vw, 800px\" \/>\t\t\t\t\t\t\t\t\t\t\t\t\t\t\t<\/div>\n\t\t\t\t<\/div>\n\t\t\t\t<\/div>\n\t\t<div class=\"elementor-element elementor-element-45e2e9d e-flex e-con-boxed e-con e-parent\" data-id=\"45e2e9d\" data-element_type=\"container\">\n\t\t\t\t\t<div class=\"e-con-inner\">\n\t\t<div class=\"elementor-element elementor-element-f66e5c6 e-con-full e-flex e-con e-child\" data-id=\"f66e5c6\" data-element_type=\"container\">\n\t\t<div class=\"elementor-element elementor-element-e33b7b2 e-con-full e-flex e-con e-child\" data-id=\"e33b7b2\" data-element_type=\"container\">\n\t\t\t\t<div class=\"elementor-element elementor-element-b5a01f2 elementor-widget elementor-widget-text-editor\" data-id=\"b5a01f2\" data-element_type=\"widget\" data-widget_type=\"text-editor.default\">\n\t\t\t\t<div class=\"elementor-widget-container\">\n\t\t\t\t\t\t\t\t\t<p>Lime was used to coat the walls and to make the mortars, in rough lime plaster, for its beauty and ancient origins, for its thermal insulation properties and for its rich texture enhanced by the grazing light.<\/p><p>Local materials were used and much of the demolition remains, such as tiles, beams, and stones, were reinstated in different parts of the buildings, also preserving an original schist facade inside the living room.<\/p><p>The patios and the indoor floors are covered with rustic Alentejo tiles, and the shower areas were panelled with 18th-century tiles salvaged from a demolition site in Sintra.<\/p>\t\t\t\t\t\t\t\t<\/div>\n\t\t\t\t<\/div>\n\t\t\t\t<\/div>\n\t\t\t\t<\/div>\n\t\t\t\t\t<\/div>\n\t\t\t\t<\/div>\n\t\t<div class=\"elementor-element elementor-element-c84c0e0 e-con-full e-flex e-con e-parent\" data-id=\"c84c0e0\" data-element_type=\"container\" data-settings=\"{&quot;background_background&quot;:&quot;classic&quot;}\">\n\t\t\t\t<div class=\"elementor-element elementor-element-e812c0c elementor-widget elementor-widget-image\" data-id=\"e812c0c\" data-element_type=\"widget\" data-widget_type=\"image.default\">\n\t\t\t\t<div class=\"elementor-widget-container\">\n\t\t\t\t\t\t\t\t\t\t\t\t\t\t\t<img decoding=\"async\" width=\"800\" height=\"600\" src=\"https:\/\/montinhos.pt\/wp-content\/uploads\/2025\/07\/07-HdM_LNG-71-1024x768.jpg\" class=\"attachment-large size-large wp-image-659\" alt=\"Montinhos - As Casas\" srcset=\"https:\/\/montinhos.pt\/wp-content\/uploads\/2025\/07\/07-HdM_LNG-71-1024x768.jpg 1024w, https:\/\/montinhos.pt\/wp-content\/uploads\/2025\/07\/07-HdM_LNG-71-300x225.jpg 300w, https:\/\/montinhos.pt\/wp-content\/uploads\/2025\/07\/07-HdM_LNG-71-768x576.jpg 768w, https:\/\/montinhos.pt\/wp-content\/uploads\/2025\/07\/07-HdM_LNG-71-1536x1152.jpg 1536w, https:\/\/montinhos.pt\/wp-content\/uploads\/2025\/07\/07-HdM_LNG-71.jpg 2048w\" sizes=\"(max-width: 800px) 100vw, 800px\" \/>\t\t\t\t\t\t\t\t\t\t\t\t\t\t\t<\/div>\n\t\t\t\t<\/div>\n\t\t\t\t<\/div>\n\t\t<div class=\"elementor-element elementor-element-24da6a9 e-flex e-con-boxed e-con e-parent\" data-id=\"24da6a9\" data-element_type=\"container\">\n\t\t\t\t\t<div class=\"e-con-inner\">\n\t\t<div class=\"elementor-element elementor-element-453d0fe e-con-full e-flex e-con e-child\" data-id=\"453d0fe\" data-element_type=\"container\">\n\t\t<div class=\"elementor-element elementor-element-5842196 e-con-full e-flex e-con e-child\" data-id=\"5842196\" data-element_type=\"container\">\n\t\t\t\t<div class=\"elementor-element elementor-element-3078179 elementor-widget elementor-widget-text-editor\" data-id=\"3078179\" data-element_type=\"widget\" data-widget_type=\"text-editor.default\">\n\t\t\t\t<div class=\"elementor-widget-container\">\n\t\t\t\t\t\t\t\t\t<p>A small collection of paintings and tiles by Portuguese artists such as Eduardo Malta, Sofia Aguiar, Tom\u00e1s Cola\u00e7o, Andreas St\u00f6cklein, Pedro Homem de Melo, and Jorge Santos. The latter, now deceased, also designed the swimming pool, which reproduces one of his works, on display in the P\u00e1tio da Romaneira.<\/p><p>In the courtyards of each room, there are small walled gardens of Persian and Mediterranean inspiration, featuring native Portuguese flora, which contribute to the maintenance and promotion of biodiversity and the sustainability of the estate. Inspired by ancestral courtyard houses, they allow for an experience of an outdoor space of peace and seclusion.<\/p><p>These buildings symbolize an almost monastic lifestyle, with a slower more natural pace, as in the past.<\/p>\t\t\t\t\t\t\t\t<\/div>\n\t\t\t\t<\/div>\n\t\t\t\t<\/div>\n\t\t\t\t<\/div>\n\t\t\t\t\t<\/div>\n\t\t\t\t<\/div>\n\t\t<div class=\"elementor-element elementor-element-8545804 e-con-full e-flex e-con e-parent\" data-id=\"8545804\" data-element_type=\"container\">\n\t\t<div class=\"elementor-element elementor-element-758d1a1 e-con-full e-flex e-con e-child\" data-id=\"758d1a1\" data-element_type=\"container\">\n\t\t\t\t<div class=\"elementor-element elementor-element-8a3eb1e elementor-widget elementor-widget-image\" data-id=\"8a3eb1e\" data-element_type=\"widget\" data-widget_type=\"image.default\">\n\t\t\t\t<div class=\"elementor-widget-container\">\n\t\t\t\t\t\t\t\t\t\t\t\t\t\t\t<img decoding=\"async\" width=\"768\" height=\"1024\" src=\"https:\/\/montinhos.pt\/wp-content\/uploads\/2025\/07\/Montinhos-Casa-de-Cima-8-768x1024.jpg\" class=\"attachment-large size-large wp-image-675\" alt=\"Montinhos Casa de Cima\" srcset=\"https:\/\/montinhos.pt\/wp-content\/uploads\/2025\/07\/Montinhos-Casa-de-Cima-8-768x1024.jpg 768w, https:\/\/montinhos.pt\/wp-content\/uploads\/2025\/07\/Montinhos-Casa-de-Cima-8-225x300.jpg 225w, https:\/\/montinhos.pt\/wp-content\/uploads\/2025\/07\/Montinhos-Casa-de-Cima-8-1152x1536.jpg 1152w, https:\/\/montinhos.pt\/wp-content\/uploads\/2025\/07\/Montinhos-Casa-de-Cima-8-1536x2048.jpg 1536w, https:\/\/montinhos.pt\/wp-content\/uploads\/2025\/07\/Montinhos-Casa-de-Cima-8-scaled.jpg 1920w\" sizes=\"(max-width: 768px) 100vw, 768px\" \/>\t\t\t\t\t\t\t\t\t\t\t\t\t\t\t<\/div>\n\t\t\t\t<\/div>\n\t\t\t\t<div class=\"elementor-element elementor-element-183539d elementor-widget elementor-widget-spacer\" data-id=\"183539d\" data-element_type=\"widget\" data-widget_type=\"spacer.default\">\n\t\t\t\t<div class=\"elementor-widget-container\">\n\t\t\t\t\t\t\t<div class=\"elementor-spacer\">\n\t\t\t<div class=\"elementor-spacer-inner\"><\/div>\n\t\t<\/div>\n\t\t\t\t\t\t<\/div>\n\t\t\t\t<\/div>\n\t\t\t\t<div class=\"elementor-element elementor-element-1646ed9 elementor-widget elementor-widget-heading\" data-id=\"1646ed9\" data-element_type=\"widget\" data-widget_type=\"heading.default\">\n\t\t\t\t<div class=\"elementor-widget-container\">\n\t\t\t\t\t<h3 class=\"elementor-heading-title elementor-size-default\">Casa de Cima<\/h3>\t\t\t\t<\/div>\n\t\t\t\t<\/div>\n\t\t\t\t<div class=\"elementor-element elementor-element-e0f1e5d elementor-align-justify elementor-widget__width-initial elementor-widget elementor-widget-button\" data-id=\"e0f1e5d\" data-element_type=\"widget\" data-widget_type=\"button.default\">\n\t\t\t\t<div class=\"elementor-widget-container\">\n\t\t\t\t\t\t\t\t\t<div class=\"elementor-button-wrapper\">\n\t\t\t\t\t<a class=\"elementor-button elementor-button-link elementor-size-sm\" href=\"https:\/\/montinhos.pt\/en\/casa-de-cima\/\">\n\t\t\t\t\t\t<span class=\"elementor-button-content-wrapper\">\n\t\t\t\t\t\t\t\t\t<span class=\"elementor-button-text\">see more<\/span>\n\t\t\t\t\t<\/span>\n\t\t\t\t\t<\/a>\n\t\t\t\t<\/div>\n\t\t\t\t\t\t\t\t<\/div>\n\t\t\t\t<\/div>\n\t\t\t\t<\/div>\n\t\t<div class=\"elementor-element elementor-element-d7fa96e e-con-full e-flex e-con e-child\" data-id=\"d7fa96e\" data-element_type=\"container\">\n\t\t\t\t<div class=\"elementor-element elementor-element-296df39 elementor-widget elementor-widget-image\" data-id=\"296df39\" data-element_type=\"widget\" data-widget_type=\"image.default\">\n\t\t\t\t<div class=\"elementor-widget-container\">\n\t\t\t\t\t\t\t\t\t\t\t\t\t\t\t<img loading=\"lazy\" decoding=\"async\" width=\"768\" height=\"1024\" src=\"https:\/\/montinhos.pt\/wp-content\/uploads\/2025\/08\/Montinhos-patio-da-romazeira-3-768x1024.jpg\" class=\"attachment-large size-large wp-image-780\" alt=\"Montinhos P\u00e1tio da Rom\u00e3zeira\" srcset=\"https:\/\/montinhos.pt\/wp-content\/uploads\/2025\/08\/Montinhos-patio-da-romazeira-3-768x1024.jpg 768w, https:\/\/montinhos.pt\/wp-content\/uploads\/2025\/08\/Montinhos-patio-da-romazeira-3-225x300.jpg 225w, https:\/\/montinhos.pt\/wp-content\/uploads\/2025\/08\/Montinhos-patio-da-romazeira-3-1152x1536.jpg 1152w, https:\/\/montinhos.pt\/wp-content\/uploads\/2025\/08\/Montinhos-patio-da-romazeira-3-1536x2048.jpg 1536w, https:\/\/montinhos.pt\/wp-content\/uploads\/2025\/08\/Montinhos-patio-da-romazeira-3-scaled.jpg 1920w\" sizes=\"(max-width: 768px) 100vw, 768px\" \/>\t\t\t\t\t\t\t\t\t\t\t\t\t\t\t<\/div>\n\t\t\t\t<\/div>\n\t\t\t\t<div class=\"elementor-element elementor-element-c75c44f elementor-widget elementor-widget-spacer\" data-id=\"c75c44f\" data-element_type=\"widget\" data-widget_type=\"spacer.default\">\n\t\t\t\t<div class=\"elementor-widget-container\">\n\t\t\t\t\t\t\t<div class=\"elementor-spacer\">\n\t\t\t<div class=\"elementor-spacer-inner\"><\/div>\n\t\t<\/div>\n\t\t\t\t\t\t<\/div>\n\t\t\t\t<\/div>\n\t\t\t\t<div class=\"elementor-element elementor-element-e0a085e elementor-widget elementor-widget-heading\" data-id=\"e0a085e\" data-element_type=\"widget\" data-widget_type=\"heading.default\">\n\t\t\t\t<div class=\"elementor-widget-container\">\n\t\t\t\t\t<h3 class=\"elementor-heading-title elementor-size-default\">Pa\u0301tio da Romaneira<\/h3>\t\t\t\t<\/div>\n\t\t\t\t<\/div>\n\t\t\t\t<div class=\"elementor-element elementor-element-97607ad elementor-align-justify elementor-widget__width-initial elementor-widget elementor-widget-button\" data-id=\"97607ad\" data-element_type=\"widget\" data-widget_type=\"button.default\">\n\t\t\t\t<div class=\"elementor-widget-container\">\n\t\t\t\t\t\t\t\t\t<div class=\"elementor-button-wrapper\">\n\t\t\t\t\t<a class=\"elementor-button elementor-button-link elementor-size-sm\" href=\"https:\/\/montinhos.pt\/en\/patio-da-romaneira\/\">\n\t\t\t\t\t\t<span class=\"elementor-button-content-wrapper\">\n\t\t\t\t\t\t\t\t\t<span class=\"elementor-button-text\">see more<\/span>\n\t\t\t\t\t<\/span>\n\t\t\t\t\t<\/a>\n\t\t\t\t<\/div>\n\t\t\t\t\t\t\t\t<\/div>\n\t\t\t\t<\/div>\n\t\t\t\t<\/div>\n\t\t<div class=\"elementor-element elementor-element-7357cf8 e-con-full e-flex e-con e-child\" data-id=\"7357cf8\" data-element_type=\"container\">\n\t\t\t\t<div class=\"elementor-element elementor-element-45da43b elementor-widget elementor-widget-image\" data-id=\"45da43b\" data-element_type=\"widget\" data-widget_type=\"image.default\">\n\t\t\t\t<div class=\"elementor-widget-container\">\n\t\t\t\t\t\t\t\t\t\t\t\t\t\t\t<img loading=\"lazy\" decoding=\"async\" width=\"768\" height=\"1024\" src=\"https:\/\/montinhos.pt\/wp-content\/uploads\/2025\/08\/Montinhos-patio-do-loureiro-1-768x1024.jpg\" class=\"attachment-large size-large wp-image-767\" alt=\"Montinhos P\u00e1tio do Loureiro\" srcset=\"https:\/\/montinhos.pt\/wp-content\/uploads\/2025\/08\/Montinhos-patio-do-loureiro-1-768x1024.jpg 768w, https:\/\/montinhos.pt\/wp-content\/uploads\/2025\/08\/Montinhos-patio-do-loureiro-1-225x300.jpg 225w, https:\/\/montinhos.pt\/wp-content\/uploads\/2025\/08\/Montinhos-patio-do-loureiro-1-1152x1536.jpg 1152w, https:\/\/montinhos.pt\/wp-content\/uploads\/2025\/08\/Montinhos-patio-do-loureiro-1-1536x2048.jpg 1536w, https:\/\/montinhos.pt\/wp-content\/uploads\/2025\/08\/Montinhos-patio-do-loureiro-1-scaled.jpg 1920w\" sizes=\"(max-width: 768px) 100vw, 768px\" \/>\t\t\t\t\t\t\t\t\t\t\t\t\t\t\t<\/div>\n\t\t\t\t<\/div>\n\t\t\t\t<div class=\"elementor-element elementor-element-8d94c2b elementor-widget elementor-widget-spacer\" data-id=\"8d94c2b\" data-element_type=\"widget\" data-widget_type=\"spacer.default\">\n\t\t\t\t<div class=\"elementor-widget-container\">\n\t\t\t\t\t\t\t<div class=\"elementor-spacer\">\n\t\t\t<div class=\"elementor-spacer-inner\"><\/div>\n\t\t<\/div>\n\t\t\t\t\t\t<\/div>\n\t\t\t\t<\/div>\n\t\t\t\t<div class=\"elementor-element elementor-element-6a7b15a elementor-widget elementor-widget-heading\" data-id=\"6a7b15a\" data-element_type=\"widget\" data-widget_type=\"heading.default\">\n\t\t\t\t<div class=\"elementor-widget-container\">\n\t\t\t\t\t<h3 class=\"elementor-heading-title elementor-size-default\">Pa\u0301tio do Loureiro<\/h3>\t\t\t\t<\/div>\n\t\t\t\t<\/div>\n\t\t\t\t<div class=\"elementor-element elementor-element-415a9dc elementor-align-justify elementor-widget__width-initial elementor-widget elementor-widget-button\" data-id=\"415a9dc\" data-element_type=\"widget\" data-widget_type=\"button.default\">\n\t\t\t\t<div class=\"elementor-widget-container\">\n\t\t\t\t\t\t\t\t\t<div class=\"elementor-button-wrapper\">\n\t\t\t\t\t<a class=\"elementor-button elementor-button-link elementor-size-sm\" href=\"https:\/\/montinhos.pt\/en\/patio-do-loureiro\/\">\n\t\t\t\t\t\t<span class=\"elementor-button-content-wrapper\">\n\t\t\t\t\t\t\t\t\t<span class=\"elementor-button-text\">see more<\/span>\n\t\t\t\t\t<\/span>\n\t\t\t\t\t<\/a>\n\t\t\t\t<\/div>\n\t\t\t\t\t\t\t\t<\/div>\n\t\t\t\t<\/div>\n\t\t\t\t<\/div>\n\t\t<div class=\"elementor-element elementor-element-7e363ef e-con-full e-flex e-con e-child\" data-id=\"7e363ef\" data-element_type=\"container\">\n\t\t\t\t<div class=\"elementor-element elementor-element-e4b0b9a elementor-widget elementor-widget-image\" data-id=\"e4b0b9a\" data-element_type=\"widget\" data-widget_type=\"image.default\">\n\t\t\t\t<div class=\"elementor-widget-container\">\n\t\t\t\t\t\t\t\t\t\t\t\t\t\t\t<img loading=\"lazy\" decoding=\"async\" width=\"768\" height=\"1024\" src=\"https:\/\/montinhos.pt\/wp-content\/uploads\/2025\/08\/Montinhos-canteiro-1-768x1024.jpg\" class=\"attachment-large size-large wp-image-801\" alt=\"Montinhos Canteiro\" srcset=\"https:\/\/montinhos.pt\/wp-content\/uploads\/2025\/08\/Montinhos-canteiro-1-768x1024.jpg 768w, https:\/\/montinhos.pt\/wp-content\/uploads\/2025\/08\/Montinhos-canteiro-1-225x300.jpg 225w, https:\/\/montinhos.pt\/wp-content\/uploads\/2025\/08\/Montinhos-canteiro-1-1152x1536.jpg 1152w, https:\/\/montinhos.pt\/wp-content\/uploads\/2025\/08\/Montinhos-canteiro-1-1536x2048.jpg 1536w, https:\/\/montinhos.pt\/wp-content\/uploads\/2025\/08\/Montinhos-canteiro-1-scaled.jpg 1920w\" sizes=\"(max-width: 768px) 100vw, 768px\" \/>\t\t\t\t\t\t\t\t\t\t\t\t\t\t\t<\/div>\n\t\t\t\t<\/div>\n\t\t\t\t<div class=\"elementor-element elementor-element-e56e82e elementor-widget elementor-widget-spacer\" data-id=\"e56e82e\" data-element_type=\"widget\" data-widget_type=\"spacer.default\">\n\t\t\t\t<div class=\"elementor-widget-container\">\n\t\t\t\t\t\t\t<div class=\"elementor-spacer\">\n\t\t\t<div class=\"elementor-spacer-inner\"><\/div>\n\t\t<\/div>\n\t\t\t\t\t\t<\/div>\n\t\t\t\t<\/div>\n\t\t\t\t<div class=\"elementor-element elementor-element-37c4006 elementor-widget elementor-widget-heading\" data-id=\"37c4006\" data-element_type=\"widget\" data-widget_type=\"heading.default\">\n\t\t\t\t<div class=\"elementor-widget-container\">\n\t\t\t\t\t<h3 class=\"elementor-heading-title elementor-size-default\">Canteiro<\/h3>\t\t\t\t<\/div>\n\t\t\t\t<\/div>\n\t\t\t\t<div class=\"elementor-element elementor-element-84af41c elementor-align-justify elementor-widget__width-initial elementor-widget elementor-widget-button\" data-id=\"84af41c\" data-element_type=\"widget\" data-widget_type=\"button.default\">\n\t\t\t\t<div class=\"elementor-widget-container\">\n\t\t\t\t\t\t\t\t\t<div class=\"elementor-button-wrapper\">\n\t\t\t\t\t<a class=\"elementor-button elementor-button-link elementor-size-sm\" href=\"https:\/\/montinhos.pt\/en\/canteiro\/\">\n\t\t\t\t\t\t<span class=\"elementor-button-content-wrapper\">\n\t\t\t\t\t\t\t\t\t<span class=\"elementor-button-text\">see more<\/span>\n\t\t\t\t\t<\/span>\n\t\t\t\t\t<\/a>\n\t\t\t\t<\/div>\n\t\t\t\t\t\t\t\t<\/div>\n\t\t\t\t<\/div>\n\t\t\t\t<\/div>\n\t\t\t\t<\/div>\n\t\t<div class=\"elementor-element elementor-element-208d521 e-flex e-con-boxed e-con e-parent\" data-id=\"208d521\" data-element_type=\"container\">\n\t\t\t\t\t<div class=\"e-con-inner\">\n\t\t<div class=\"elementor-element elementor-element-b59da9a e-con-full e-flex e-con e-child\" data-id=\"b59da9a\" data-element_type=\"container\">\n\t\t\t\t<div class=\"elementor-element elementor-element-a0e80c9 elementor-widget elementor-widget-heading\" data-id=\"a0e80c9\" data-element_type=\"widget\" data-widget_type=\"heading.default\">\n\t\t\t\t<div class=\"elementor-widget-container\">\n\t\t\t\t\t<h6 class=\"elementor-heading-title elementor-size-default\">\"Desceu ao p\u00e1tio, onde as \u00e1rvores adensavam a sombra do crep\u00fasculo, carregado de fuscas nuvens\"<\/h6>\t\t\t\t<\/div>\n\t\t\t\t<\/div>\n\t\t\t\t<div class=\"elementor-element elementor-element-2e1f9e9 elementor-widget elementor-widget-heading\" data-id=\"2e1f9e9\" data-element_type=\"widget\" data-widget_type=\"heading.default\">\n\t\t\t\t<div class=\"elementor-widget-container\">\n\t\t\t\t\t<p class=\"elementor-heading-title elementor-size-default\">- E\u00e7a de Queiroz<\/p>\t\t\t\t<\/div>\n\t\t\t\t<\/div>\n\t\t\t\t<\/div>\n\t\t\t\t\t<\/div>\n\t\t\t\t<\/div>\n\t\t\t\t<\/div>","protected":false},"excerpt":{"rendered":"<p>as casas Rodeados de oliveiras, est\u00e3o dois conjuntos de casas caiadas suspensas num anfiteatro de arrozais. Reabilitadas de ru\u00ednas a partir de um projecto encomendado ao Arq. Pedro Ressano Garcia que, reconhecendo o valor hist\u00f3rico e vernacular do edif\u00edcio, respeitou a implanta\u00e7\u00e3o original e as suas curvaturas. Numa horizontalidade acentuada pela insist\u00eancia de um s\u00f3 [&hellip;]<\/p>","protected":false},"author":1,"featured_media":653,"parent":0,"menu_order":0,"comment_status":"closed","ping_status":"closed","template":"","meta":{"_acf_changed":false,"footnotes":""},"class_list":["post-59","page","type-page","status-publish","has-post-thumbnail","hentry"],"acf":[],"_links":{"self":[{"href":"https:\/\/montinhos.pt\/en\/wp-json\/wp\/v2\/pages\/59","targetHints":{"allow":["GET"]}}],"collection":[{"href":"https:\/\/montinhos.pt\/en\/wp-json\/wp\/v2\/pages"}],"about":[{"href":"https:\/\/montinhos.pt\/en\/wp-json\/wp\/v2\/types\/page"}],"author":[{"embeddable":true,"href":"https:\/\/montinhos.pt\/en\/wp-json\/wp\/v2\/users\/1"}],"replies":[{"embeddable":true,"href":"https:\/\/montinhos.pt\/en\/wp-json\/wp\/v2\/comments?post=59"}],"version-history":[{"count":134,"href":"https:\/\/montinhos.pt\/en\/wp-json\/wp\/v2\/pages\/59\/revisions"}],"predecessor-version":[{"id":1557,"href":"https:\/\/montinhos.pt\/en\/wp-json\/wp\/v2\/pages\/59\/revisions\/1557"}],"wp:featuredmedia":[{"embeddable":true,"href":"https:\/\/montinhos.pt\/en\/wp-json\/wp\/v2\/media\/653"}],"wp:attachment":[{"href":"https:\/\/montinhos.pt\/en\/wp-json\/wp\/v2\/media?parent=59"}],"curies":[{"name":"wp","href":"https:\/\/api.w.org\/{rel}","templated":true}]}}